{"id":14,"date":"2026-03-10T16:24:39","date_gmt":"2026-03-10T16:24:39","guid":{"rendered":"https:\/\/zubizarretaabogados.rkinformatika.online\/?page_id=14"},"modified":"2026-03-12T10:05:24","modified_gmt":"2026-03-12T10:05:24","slug":"servicios","status":"publish","type":"page","link":"https:\/\/zubizarretaabogados.com\/eu\/servicios\/","title":{"rendered":"Zerbitzuak"},"content":{"rendered":"<div data-elementor-type=\"wp-page\" data-elementor-id=\"14\" class=\"elementor elementor-14\" data-elementor-post-type=\"page\">\n\t\t\t\t<div class=\"elementor-element elementor-element-0de4bb5 e-flex e-con-boxed e-con e-parent\" data-id=\"0de4bb5\" data-element_type=\"container\" data-e-type=\"container\" data-settings=\"{&quot;background_background&quot;:&quot;classic&quot;}\">\n\t\t\t\t\t<div class=\"e-con-inner\">\n\t\t\t\t<div class=\"elementor-element elementor-element-49cf497 elementor-widget elementor-widget-heading\" data-id=\"49cf497\" data-element_type=\"widget\" data-e-type=\"widget\" data-widget_type=\"heading.default\">\n\t\t\t\t\t<h2 class=\"elementor-heading-title elementor-size-default\">Zerbitzuak<\/h2>\t\t\t\t<\/div>\n\t\t\t\t\t<\/div>\n\t\t\t\t<\/div>\n\t\t<div class=\"elementor-element elementor-element-59ce5ff e-flex e-con-boxed e-con e-parent\" data-id=\"59ce5ff\" data-element_type=\"container\" data-e-type=\"container\" data-settings=\"{&quot;background_background&quot;:&quot;classic&quot;}\">\n\t\t\t\t\t<div class=\"e-con-inner\">\n\t\t\t\t<div class=\"elementor-element elementor-element-86e33fd elementor-widget elementor-widget-heading\" data-id=\"86e33fd\" data-element_type=\"widget\" data-e-type=\"widget\" data-widget_type=\"heading.default\">\n\t\t\t\t\t<h2 class=\"elementor-heading-title elementor-size-default\">Soluciones legales a tu medida<\/h2>\t\t\t\t<\/div>\n\t\t\t\t<div class=\"elementor-element elementor-element-e9a8c2b elementor-widget elementor-widget-text-editor\" data-id=\"e9a8c2b\" data-element_type=\"widget\" data-e-type=\"widget\" data-widget_type=\"text-editor.default\">\n\t\t\t\t\t\t\t\t\t<p>Especialistas en proteger lo que m\u00e1s te importa: tu familia, tu patrimonio y tu tranquilidad.<\/p>\t\t\t\t\t\t\t\t<\/div>\n\t\t\t\t\t<\/div>\n\t\t\t\t<\/div>\n\t\t<div class=\"elementor-element elementor-element-0ec368c e-flex e-con-boxed e-con e-parent\" data-id=\"0ec368c\" data-element_type=\"container\" data-e-type=\"container\" data-settings=\"{&quot;background_background&quot;:&quot;classic&quot;}\">\n\t\t\t\t\t<div class=\"e-con-inner\">\n\t\t<div class=\"elementor-element elementor-element-3623b0e e-con-full e-flex e-con e-child\" data-id=\"3623b0e\" data-element_type=\"container\" data-e-type=\"container\">\n\t\t\t\t<div class=\"elementor-element elementor-element-b2aff83 elementor-widget elementor-widget-image\" data-id=\"b2aff83\" data-element_type=\"widget\" data-e-type=\"widget\" data-widget_type=\"image.default\">\n\t\t\t\t\t\t\t\t\t\t\t\t\t\t\t<img fetchpriority=\"high\" decoding=\"async\" width=\"800\" height=\"534\" src=\"https:\/\/zubizarretaabogados.com\/wp-content\/uploads\/2026\/03\/2147943705-1024x684.jpg\" class=\"attachment-large size-large wp-image-275\" alt=\"\" srcset=\"https:\/\/zubizarretaabogados.com\/wp-content\/uploads\/2026\/03\/2147943705-1024x684.jpg 1024w, https:\/\/zubizarretaabogados.com\/wp-content\/uploads\/2026\/03\/2147943705-300x200.jpg 300w, https:\/\/zubizarretaabogados.com\/wp-content\/uploads\/2026\/03\/2147943705-768x513.jpg 768w, https:\/\/zubizarretaabogados.com\/wp-content\/uploads\/2026\/03\/2147943705-1536x1025.jpg 1536w, https:\/\/zubizarretaabogados.com\/wp-content\/uploads\/2026\/03\/2147943705-18x12.jpg 18w, https:\/\/zubizarretaabogados.com\/wp-content\/uploads\/2026\/03\/2147943705.jpg 2000w\" sizes=\"(max-width: 800px) 100vw, 800px\" \/>\t\t\t\t\t\t\t\t\t\t\t\t\t\t\t<\/div>\n\t\t\t\t<\/div>\n\t\t<div class=\"elementor-element elementor-element-2fdbfde e-con-full e-flex e-con e-child\" data-id=\"2fdbfde\" data-element_type=\"container\" data-e-type=\"container\">\n\t\t\t\t<div class=\"elementor-element elementor-element-6d88c44 elementor-widget elementor-widget-heading\" data-id=\"6d88c44\" data-element_type=\"widget\" data-e-type=\"widget\" data-widget_type=\"heading.default\">\n\t\t\t\t\t<h2 class=\"elementor-heading-title elementor-size-default\">Servicios Jur\u00eddicos<\/h2>\t\t\t\t<\/div>\n\t\t\t\t<div class=\"elementor-element elementor-element-c25b849 elementor-widget elementor-widget-text-editor\" data-id=\"c25b849\" data-element_type=\"widget\" data-e-type=\"widget\" data-widget_type=\"text-editor.default\">\n\t\t\t\t\t\t\t\t\t<p>Entendemos el Derecho como una herramienta para devolverte la tranquilidad. Ya sea en asuntos de familia, sucesiones o derecho civil, nos volcamos en cada caso con una estrategia personalizada y honesta.<\/p><p>Nuestro objetivo no es solo representarte ante la ley, sino acompa\u00f1arte en cada paso, asegur\u00e1ndonos de que comprendes tus opciones y de que tus derechos est\u00e1n protegidos con total rigor.<\/p>\t\t\t\t\t\t\t\t<\/div>\n\t\t\t\t<\/div>\n\t\t\t\t\t<\/div>\n\t\t\t\t<\/div>\n\t\t<div class=\"elementor-element elementor-element-5c1c2b9 e-flex e-con-boxed e-con e-parent\" data-id=\"5c1c2b9\" data-element_type=\"container\" data-e-type=\"container\" data-settings=\"{&quot;background_background&quot;:&quot;classic&quot;}\">\n\t\t\t\t\t<div class=\"e-con-inner\">\n\t\t<div class=\"elementor-element elementor-element-60da93d e-con-full e-flex e-con e-child\" data-id=\"60da93d\" data-element_type=\"container\" data-e-type=\"container\">\n\t\t\t\t<div class=\"elementor-element elementor-element-0e778b8 elementor-widget elementor-widget-heading\" data-id=\"0e778b8\" data-element_type=\"widget\" data-e-type=\"widget\" data-widget_type=\"heading.default\">\n\t\t\t\t\t<h2 class=\"elementor-heading-title elementor-size-default\">Asesor\u00eda Fiscal y Laboral<\/h2>\t\t\t\t<\/div>\n\t\t\t\t<div class=\"elementor-element elementor-element-35dfdc3 elementor-widget elementor-widget-text-editor\" data-id=\"35dfdc3\" data-element_type=\"widget\" data-e-type=\"widget\" data-widget_type=\"text-editor.default\">\n\t\t\t\t\t\t\t\t\t<p data-path-to-node=\"6\">Gestionar un negocio o cumplir con las obligaciones tributarias no tiene por qu\u00e9 ser una fuente de estr\u00e9s. Nos encargamos de que tu fiscalidad est\u00e9 siempre al d\u00eda y de que la relaci\u00f3n con tus empleados sea fluida y cumpla con la normativa vigente.<\/p><p data-path-to-node=\"6\">Optimizamos tu estructura fiscal y laboral para que t\u00fa solo tengas que preocuparte de lo m\u00e1s importante: hacer crecer tu proyecto con la seguridad de tener la espalda cubierta.<\/p>\t\t\t\t\t\t\t\t<\/div>\n\t\t\t\t<\/div>\n\t\t<div class=\"elementor-element elementor-element-85604ef e-con-full e-flex e-con e-child\" data-id=\"85604ef\" data-element_type=\"container\" data-e-type=\"container\">\n\t\t\t\t<div class=\"elementor-element elementor-element-5efde0f elementor-widget elementor-widget-image\" data-id=\"5efde0f\" data-element_type=\"widget\" data-e-type=\"widget\" data-widget_type=\"image.default\">\n\t\t\t\t\t\t\t\t\t\t\t\t\t\t\t<img decoding=\"async\" width=\"800\" height=\"534\" src=\"https:\/\/zubizarretaabogados.com\/wp-content\/uploads\/2026\/03\/2147626444-1024x684.jpg\" class=\"attachment-large size-large wp-image-274\" alt=\"\" srcset=\"https:\/\/zubizarretaabogados.com\/wp-content\/uploads\/2026\/03\/2147626444-1024x684.jpg 1024w, https:\/\/zubizarretaabogados.com\/wp-content\/uploads\/2026\/03\/2147626444-300x200.jpg 300w, https:\/\/zubizarretaabogados.com\/wp-content\/uploads\/2026\/03\/2147626444-768x513.jpg 768w, https:\/\/zubizarretaabogados.com\/wp-content\/uploads\/2026\/03\/2147626444-1536x1025.jpg 1536w, https:\/\/zubizarretaabogados.com\/wp-content\/uploads\/2026\/03\/2147626444-18x12.jpg 18w, https:\/\/zubizarretaabogados.com\/wp-content\/uploads\/2026\/03\/2147626444.jpg 2000w\" sizes=\"(max-width: 800px) 100vw, 800px\" \/>\t\t\t\t\t\t\t\t\t\t\t\t\t\t\t<\/div>\n\t\t\t\t<\/div>\n\t\t\t\t\t<\/div>\n\t\t\t\t<\/div>\n\t\t<div class=\"elementor-element elementor-element-56cfa41 e-flex e-con-boxed e-con e-parent\" data-id=\"56cfa41\" data-element_type=\"container\" data-e-type=\"container\" data-settings=\"{&quot;background_background&quot;:&quot;classic&quot;}\">\n\t\t\t\t\t<div class=\"e-con-inner\">\n\t\t<div class=\"elementor-element elementor-element-3431aaf e-con-full e-flex e-con e-child\" data-id=\"3431aaf\" data-element_type=\"container\" data-e-type=\"container\">\n\t\t\t\t<div class=\"elementor-element elementor-element-9d4662d elementor-widget elementor-widget-image\" data-id=\"9d4662d\" data-element_type=\"widget\" data-e-type=\"widget\" data-widget_type=\"image.default\">\n\t\t\t\t\t\t\t\t\t\t\t\t\t\t\t<img decoding=\"async\" width=\"800\" height=\"533\" src=\"https:\/\/zubizarretaabogados.com\/wp-content\/uploads\/2026\/03\/122985-1024x682.jpg\" class=\"attachment-large size-large wp-image-273\" alt=\"\" srcset=\"https:\/\/zubizarretaabogados.com\/wp-content\/uploads\/2026\/03\/122985-1024x682.jpg 1024w, https:\/\/zubizarretaabogados.com\/wp-content\/uploads\/2026\/03\/122985-300x200.jpg 300w, https:\/\/zubizarretaabogados.com\/wp-content\/uploads\/2026\/03\/122985-768x512.jpg 768w, https:\/\/zubizarretaabogados.com\/wp-content\/uploads\/2026\/03\/122985-1536x1024.jpg 1536w, https:\/\/zubizarretaabogados.com\/wp-content\/uploads\/2026\/03\/122985-18x12.jpg 18w, https:\/\/zubizarretaabogados.com\/wp-content\/uploads\/2026\/03\/122985.jpg 2000w\" sizes=\"(max-width: 800px) 100vw, 800px\" \/>\t\t\t\t\t\t\t\t\t\t\t\t\t\t\t<\/div>\n\t\t\t\t<\/div>\n\t\t<div class=\"elementor-element elementor-element-431cb75 e-con-full e-flex e-con e-child\" data-id=\"431cb75\" data-element_type=\"container\" data-e-type=\"container\">\n\t\t\t\t<div class=\"elementor-element elementor-element-ab8da35 elementor-widget elementor-widget-heading\" data-id=\"ab8da35\" data-element_type=\"widget\" data-e-type=\"widget\" data-widget_type=\"heading.default\">\n\t\t\t\t\t<h2 class=\"elementor-heading-title elementor-size-default\">Gestor\u00eda<\/h2>\t\t\t\t<\/div>\n\t\t\t\t<div class=\"elementor-element elementor-element-3ad8e3b elementor-widget elementor-widget-text-editor\" data-id=\"3ad8e3b\" data-element_type=\"widget\" data-e-type=\"widget\" data-widget_type=\"text-editor.default\">\n\t\t\t\t\t\t\t\t\t<p data-path-to-node=\"8\">Sabemos que la burocracia puede ser abrumadora. Por eso, simplificamos todos tus tr\u00e1mites administrativos, desde la gesti\u00f3n de veh\u00edculos hasta registros y escrituras.<\/p><p data-path-to-node=\"8\">Nos convertimos en tu enlace directo con la Administraci\u00f3n, actuando con rapidez y eficacia para que el papeleo deje de quitarte tiempo. Soluciones \u00e1giles para las gestiones del d\u00eda a d\u00eda, sin complicaciones.<\/p>\t\t\t\t\t\t\t\t<\/div>\n\t\t\t\t<\/div>\n\t\t\t\t\t<\/div>\n\t\t\t\t<\/div>\n\t\t<div class=\"elementor-element elementor-element-7859ebf e-flex e-con-boxed e-con e-parent\" data-id=\"7859ebf\" data-element_type=\"container\" data-e-type=\"container\" data-settings=\"{&quot;background_background&quot;:&quot;classic&quot;}\">\n\t\t\t\t\t<div class=\"e-con-inner\">\n\t\t<div class=\"elementor-element elementor-element-fda620e e-con-full e-flex e-con e-child\" data-id=\"fda620e\" data-element_type=\"container\" data-e-type=\"container\">\n\t\t\t\t<div class=\"elementor-element elementor-element-733ba2b elementor-widget elementor-widget-heading\" data-id=\"733ba2b\" data-element_type=\"widget\" data-e-type=\"widget\" data-widget_type=\"heading.default\">\n\t\t\t\t\t<h2 class=\"elementor-heading-title elementor-size-default\">Administraci\u00f3n de Fincas<\/h2>\t\t\t\t<\/div>\n\t\t\t\t<div class=\"elementor-element elementor-element-ab96582 elementor-widget elementor-widget-text-editor\" data-id=\"ab96582\" data-element_type=\"widget\" data-e-type=\"widget\" data-widget_type=\"text-editor.default\">\n\t\t\t\t\t\t\t\t\t<p data-path-to-node=\"10\">La buena convivencia en una comunidad empieza por una gesti\u00f3n transparente y profesional. Nos ocupamos de la administraci\u00f3n integral de tu edificio, controlando los gastos, gestionando proveedores y mediando en conflictos con cercan\u00eda y neutralidad.<\/p><p data-path-to-node=\"10\">Trabajamos para que tu comunidad sea un lugar eficiente, bien mantenido y, sobre todo, un hogar donde no tengas que preocuparte por la gesti\u00f3n del inmueble.<\/p>\t\t\t\t\t\t\t\t<\/div>\n\t\t\t\t<\/div>\n\t\t<div class=\"elementor-element elementor-element-4f199a6 e-con-full e-flex e-con e-child\" data-id=\"4f199a6\" data-element_type=\"container\" data-e-type=\"container\">\n\t\t\t\t<div class=\"elementor-element elementor-element-31e9cdf elementor-widget elementor-widget-image\" data-id=\"31e9cdf\" data-element_type=\"widget\" data-e-type=\"widget\" data-widget_type=\"image.default\">\n\t\t\t\t\t\t\t\t\t\t\t\t\t\t\t<img loading=\"lazy\" decoding=\"async\" width=\"800\" height=\"533\" src=\"https:\/\/zubizarretaabogados.com\/wp-content\/uploads\/2026\/03\/135249-1024x682.jpg\" class=\"attachment-large size-large wp-image-272\" alt=\"\" srcset=\"https:\/\/zubizarretaabogados.com\/wp-content\/uploads\/2026\/03\/135249-1024x682.jpg 1024w, https:\/\/zubizarretaabogados.com\/wp-content\/uploads\/2026\/03\/135249-300x200.jpg 300w, https:\/\/zubizarretaabogados.com\/wp-content\/uploads\/2026\/03\/135249-768x512.jpg 768w, https:\/\/zubizarretaabogados.com\/wp-content\/uploads\/2026\/03\/135249-1536x1024.jpg 1536w, https:\/\/zubizarretaabogados.com\/wp-content\/uploads\/2026\/03\/135249-18x12.jpg 18w, https:\/\/zubizarretaabogados.com\/wp-content\/uploads\/2026\/03\/135249.jpg 2000w\" sizes=\"(max-width: 800px) 100vw, 800px\" \/>\t\t\t\t\t\t\t\t\t\t\t\t\t\t\t<\/div>\n\t\t\t\t<\/div>\n\t\t\t\t\t<\/div>\n\t\t\t\t<\/div>\n\t\t<div class=\"elementor-element elementor-element-ea75079 e-flex e-con-boxed e-con e-parent\" data-id=\"ea75079\" data-element_type=\"container\" data-e-type=\"container\" data-settings=\"{&quot;background_background&quot;:&quot;classic&quot;}\">\n\t\t\t\t\t<div class=\"e-con-inner\">\n\t\t\t\t<div class=\"elementor-element elementor-element-62f52e3 elementor-widget elementor-widget-heading\" data-id=\"62f52e3\" data-element_type=\"widget\" data-e-type=\"widget\" data-widget_type=\"heading.default\">\n\t\t\t\t\t<h2 class=\"elementor-heading-title elementor-size-default\">Cu\u00e9ntanos tu situaci\u00f3n y deja que nos encarguemos de la soluci\u00f3n.<\/h2>\t\t\t\t<\/div>\n\t\t\t\t<div class=\"elementor-element elementor-element-7474474 elementor-widget elementor-widget-button\" data-id=\"7474474\" data-element_type=\"widget\" data-e-type=\"widget\" data-widget_type=\"button.default\">\n\t\t\t\t\t\t\t\t\t\t<a class=\"elementor-button elementor-button-link elementor-size-sm\" href=\"https:\/\/zubizarretaabogados.com\/eu\/?page_id=15\">\n\t\t\t\t\t\t<span class=\"elementor-button-content-wrapper\">\n\t\t\t\t\t\t\t\t\t<span class=\"elementor-button-text\">Demos el primer paso juntos<\/span>\n\t\t\t\t\t<\/span>\n\t\t\t\t\t<\/a>\n\t\t\t\t\t\t\t\t<\/div>\n\t\t\t\t\t<\/div>\n\t\t\t\t<\/div>\n\t\t\t\t<\/div>","protected":false},"excerpt":{"rendered":"<p>Servicios Soluciones legales a tu medida Especialistas en proteger lo que m\u00e1s te importa: tu familia, tu patrimonio y tu tranquilidad. Servicios Jur\u00eddicos Entendemos el Derecho como una herramienta para devolverte la tranquilidad. Ya sea en asuntos de familia, sucesiones o derecho civil, nos volcamos en cada caso con una estrategia personalizada y honesta. Nuestro [&hellip;]<\/p>\n","protected":false},"author":1,"featured_media":0,"parent":0,"menu_order":0,"comment_status":"closed","ping_status":"closed","template":"elementor_canvas","meta":{"footnotes":""},"class_list":["post-14","page","type-page","status-publish","hentry"],"yoast_head":"<!-- This site is optimized with the Yoast SEO plugin v27.4 - https:\/\/yoast.com\/product\/yoast-seo-wordpress\/ -->\n<title>Servicios - Zubizarreta Abogados SL<\/title>\n<meta name=\"robots\" content=\"index, follow, max-snippet:-1, max-image-preview:large, max-video-preview:-1\" \/>\n<link rel=\"canonical\" href=\"https:\/\/zubizarretaabogados.com\/eu\/servicios\/\" \/>\n<meta property=\"og:locale\" content=\"en_US\" \/>\n<meta property=\"og:type\" content=\"article\" \/>\n<meta property=\"og:title\" content=\"Servicios - Zubizarreta Abogados SL\" \/>\n<meta property=\"og:description\" content=\"Servicios Soluciones legales a tu medida Especialistas en proteger lo que m\u00e1s te importa: tu familia, tu patrimonio y tu tranquilidad. Servicios Jur\u00eddicos Entendemos el Derecho como una herramienta para devolverte la tranquilidad. Ya sea en asuntos de familia, sucesiones o derecho civil, nos volcamos en cada caso con una estrategia personalizada y honesta. Nuestro [&hellip;]\" \/>\n<meta property=\"og:url\" content=\"https:\/\/zubizarretaabogados.com\/eu\/servicios\/\" \/>\n<meta property=\"og:site_name\" content=\"Zubizarreta Abogados SL\" \/>\n<meta property=\"article:modified_time\" content=\"2026-03-12T10:05:24+00:00\" \/>\n<meta property=\"og:image\" content=\"https:\/\/zubizarretaabogados.com\/wp-content\/uploads\/2026\/03\/2147943705-1024x684.jpg\" \/>\n<meta name=\"twitter:card\" content=\"summary_large_image\" \/>\n<meta name=\"twitter:label1\" content=\"Est. reading time\" \/>\n\t<meta name=\"twitter:data1\" content=\"1 minutua\" \/>\n<script type=\"application\/ld+json\" class=\"yoast-schema-graph\">{\"@context\":\"https:\\\/\\\/schema.org\",\"@graph\":[{\"@type\":\"WebPage\",\"@id\":\"https:\\\/\\\/zubizarretaabogados.com\\\/servicios\\\/\",\"url\":\"https:\\\/\\\/zubizarretaabogados.com\\\/servicios\\\/\",\"name\":\"Servicios - Zubizarreta Abogados SL\",\"isPartOf\":{\"@id\":\"https:\\\/\\\/zubizarretaabogados.com\\\/#website\"},\"primaryImageOfPage\":{\"@id\":\"https:\\\/\\\/zubizarretaabogados.com\\\/servicios\\\/#primaryimage\"},\"image\":{\"@id\":\"https:\\\/\\\/zubizarretaabogados.com\\\/servicios\\\/#primaryimage\"},\"thumbnailUrl\":\"https:\\\/\\\/zubizarretaabogados.com\\\/wp-content\\\/uploads\\\/2026\\\/03\\\/2147943705-1024x684.jpg\",\"datePublished\":\"2026-03-10T16:24:39+00:00\",\"dateModified\":\"2026-03-12T10:05:24+00:00\",\"breadcrumb\":{\"@id\":\"https:\\\/\\\/zubizarretaabogados.com\\\/servicios\\\/#breadcrumb\"},\"inLanguage\":\"eu\",\"potentialAction\":[{\"@type\":\"ReadAction\",\"target\":[\"https:\\\/\\\/zubizarretaabogados.com\\\/servicios\\\/\"]}]},{\"@type\":\"ImageObject\",\"inLanguage\":\"eu\",\"@id\":\"https:\\\/\\\/zubizarretaabogados.com\\\/servicios\\\/#primaryimage\",\"url\":\"https:\\\/\\\/zubizarretaabogados.com\\\/wp-content\\\/uploads\\\/2026\\\/03\\\/2147943705-1024x684.jpg\",\"contentUrl\":\"https:\\\/\\\/zubizarretaabogados.com\\\/wp-content\\\/uploads\\\/2026\\\/03\\\/2147943705-1024x684.jpg\"},{\"@type\":\"BreadcrumbList\",\"@id\":\"https:\\\/\\\/zubizarretaabogados.com\\\/servicios\\\/#breadcrumb\",\"itemListElement\":[{\"@type\":\"ListItem\",\"position\":1,\"name\":\"Portada\",\"item\":\"https:\\\/\\\/zubizarretaabogados.com\\\/\"},{\"@type\":\"ListItem\",\"position\":2,\"name\":\"Servicios\"}]},{\"@type\":\"WebSite\",\"@id\":\"https:\\\/\\\/zubizarretaabogados.com\\\/#website\",\"url\":\"https:\\\/\\\/zubizarretaabogados.com\\\/\",\"name\":\"Zubizarreta Abogados SL\",\"description\":\"\",\"publisher\":{\"@id\":\"https:\\\/\\\/zubizarretaabogados.com\\\/#organization\"},\"potentialAction\":[{\"@type\":\"SearchAction\",\"target\":{\"@type\":\"EntryPoint\",\"urlTemplate\":\"https:\\\/\\\/zubizarretaabogados.com\\\/?s={search_term_string}\"},\"query-input\":{\"@type\":\"PropertyValueSpecification\",\"valueRequired\":true,\"valueName\":\"search_term_string\"}}],\"inLanguage\":\"eu\"},{\"@type\":\"Organization\",\"@id\":\"https:\\\/\\\/zubizarretaabogados.com\\\/#organization\",\"name\":\"Zubizarreta Abogados SL\",\"url\":\"https:\\\/\\\/zubizarretaabogados.com\\\/\",\"logo\":{\"@type\":\"ImageObject\",\"inLanguage\":\"eu\",\"@id\":\"https:\\\/\\\/zubizarretaabogados.com\\\/#\\\/schema\\\/logo\\\/image\\\/\",\"url\":\"https:\\\/\\\/zubizarretaabogados.com\\\/wp-content\\\/uploads\\\/2026\\\/03\\\/cropped-footerlogo03.png\",\"contentUrl\":\"https:\\\/\\\/zubizarretaabogados.com\\\/wp-content\\\/uploads\\\/2026\\\/03\\\/cropped-footerlogo03.png\",\"width\":873,\"height\":230,\"caption\":\"Zubizarreta Abogados SL\"},\"image\":{\"@id\":\"https:\\\/\\\/zubizarretaabogados.com\\\/#\\\/schema\\\/logo\\\/image\\\/\"}}]}<\/script>\n<!-- \/ Yoast SEO plugin. -->","yoast_head_json":{"title":"Servicios - Zubizarreta Abogados SL","robots":{"index":"index","follow":"follow","max-snippet":"max-snippet:-1","max-image-preview":"max-image-preview:large","max-video-preview":"max-video-preview:-1"},"canonical":"https:\/\/zubizarretaabogados.com\/eu\/servicios\/","og_locale":"en_US","og_type":"article","og_title":"Servicios - Zubizarreta Abogados SL","og_description":"Servicios Soluciones legales a tu medida Especialistas en proteger lo que m\u00e1s te importa: tu familia, tu patrimonio y tu tranquilidad. Servicios Jur\u00eddicos Entendemos el Derecho como una herramienta para devolverte la tranquilidad. Ya sea en asuntos de familia, sucesiones o derecho civil, nos volcamos en cada caso con una estrategia personalizada y honesta. Nuestro [&hellip;]","og_url":"https:\/\/zubizarretaabogados.com\/eu\/servicios\/","og_site_name":"Zubizarreta Abogados SL","article_modified_time":"2026-03-12T10:05:24+00:00","og_image":[{"url":"https:\/\/zubizarretaabogados.com\/wp-content\/uploads\/2026\/03\/2147943705-1024x684.jpg","type":"","width":"","height":""}],"twitter_card":"summary_large_image","twitter_misc":{"Est. reading time":"1 minutua"},"schema":{"@context":"https:\/\/schema.org","@graph":[{"@type":"WebPage","@id":"https:\/\/zubizarretaabogados.com\/servicios\/","url":"https:\/\/zubizarretaabogados.com\/servicios\/","name":"Servicios - Zubizarreta Abogados SL","isPartOf":{"@id":"https:\/\/zubizarretaabogados.com\/#website"},"primaryImageOfPage":{"@id":"https:\/\/zubizarretaabogados.com\/servicios\/#primaryimage"},"image":{"@id":"https:\/\/zubizarretaabogados.com\/servicios\/#primaryimage"},"thumbnailUrl":"https:\/\/zubizarretaabogados.com\/wp-content\/uploads\/2026\/03\/2147943705-1024x684.jpg","datePublished":"2026-03-10T16:24:39+00:00","dateModified":"2026-03-12T10:05:24+00:00","breadcrumb":{"@id":"https:\/\/zubizarretaabogados.com\/servicios\/#breadcrumb"},"inLanguage":"eu","potentialAction":[{"@type":"ReadAction","target":["https:\/\/zubizarretaabogados.com\/servicios\/"]}]},{"@type":"ImageObject","inLanguage":"eu","@id":"https:\/\/zubizarretaabogados.com\/servicios\/#primaryimage","url":"https:\/\/zubizarretaabogados.com\/wp-content\/uploads\/2026\/03\/2147943705-1024x684.jpg","contentUrl":"https:\/\/zubizarretaabogados.com\/wp-content\/uploads\/2026\/03\/2147943705-1024x684.jpg"},{"@type":"BreadcrumbList","@id":"https:\/\/zubizarretaabogados.com\/servicios\/#breadcrumb","itemListElement":[{"@type":"ListItem","position":1,"name":"Portada","item":"https:\/\/zubizarretaabogados.com\/"},{"@type":"ListItem","position":2,"name":"Servicios"}]},{"@type":"WebSite","@id":"https:\/\/zubizarretaabogados.com\/#website","url":"https:\/\/zubizarretaabogados.com\/","name":"Zubizarreta Abogados SL","description":"","publisher":{"@id":"https:\/\/zubizarretaabogados.com\/#organization"},"potentialAction":[{"@type":"SearchAction","target":{"@type":"EntryPoint","urlTemplate":"https:\/\/zubizarretaabogados.com\/?s={search_term_string}"},"query-input":{"@type":"PropertyValueSpecification","valueRequired":true,"valueName":"search_term_string"}}],"inLanguage":"eu"},{"@type":"Organization","@id":"https:\/\/zubizarretaabogados.com\/#organization","name":"Zubizarreta Abogados SL","url":"https:\/\/zubizarretaabogados.com\/","logo":{"@type":"ImageObject","inLanguage":"eu","@id":"https:\/\/zubizarretaabogados.com\/#\/schema\/logo\/image\/","url":"https:\/\/zubizarretaabogados.com\/wp-content\/uploads\/2026\/03\/cropped-footerlogo03.png","contentUrl":"https:\/\/zubizarretaabogados.com\/wp-content\/uploads\/2026\/03\/cropped-footerlogo03.png","width":873,"height":230,"caption":"Zubizarreta Abogados SL"},"image":{"@id":"https:\/\/zubizarretaabogados.com\/#\/schema\/logo\/image\/"}}]}},"_links":{"self":[{"href":"https:\/\/zubizarretaabogados.com\/eu\/wp-json\/wp\/v2\/pages\/14","targetHints":{"allow":["GET"]}}],"collection":[{"href":"https:\/\/zubizarretaabogados.com\/eu\/wp-json\/wp\/v2\/pages"}],"about":[{"href":"https:\/\/zubizarretaabogados.com\/eu\/wp-json\/wp\/v2\/types\/page"}],"author":[{"embeddable":true,"href":"https:\/\/zubizarretaabogados.com\/eu\/wp-json\/wp\/v2\/users\/1"}],"replies":[{"embeddable":true,"href":"https:\/\/zubizarretaabogados.com\/eu\/wp-json\/wp\/v2\/comments?post=14"}],"version-history":[{"count":66,"href":"https:\/\/zubizarretaabogados.com\/eu\/wp-json\/wp\/v2\/pages\/14\/revisions"}],"predecessor-version":[{"id":310,"href":"https:\/\/zubizarretaabogados.com\/eu\/wp-json\/wp\/v2\/pages\/14\/revisions\/310"}],"wp:attachment":[{"href":"https:\/\/zubizarretaabogados.com\/eu\/wp-json\/wp\/v2\/media?parent=14"}],"curies":[{"name":"wp","href":"https:\/\/api.w.org\/{rel}","templated":true}]}}