{"id":11,"date":"2026-03-10T16:22:48","date_gmt":"2026-03-10T16:22:48","guid":{"rendered":"https:\/\/zubizarretaabogados.rkinformatika.online\/?page_id=11"},"modified":"2026-03-12T10:38:19","modified_gmt":"2026-03-12T10:38:19","slug":"inicio","status":"publish","type":"page","link":"https:\/\/zubizarretaabogados.com\/eu\/","title":{"rendered":"Hasiera"},"content":{"rendered":"<div data-elementor-type=\"wp-page\" data-elementor-id=\"11\" class=\"elementor elementor-11\" data-elementor-post-type=\"page\">\n\t\t\t\t<div class=\"elementor-element elementor-element-a82f1ee e-flex e-con-boxed e-con e-parent\" data-id=\"a82f1ee\" data-element_type=\"container\" data-e-type=\"container\" data-settings=\"{&quot;background_background&quot;:&quot;classic&quot;}\">\n\t\t\t\t\t<div class=\"e-con-inner\">\n\t\t\t\t<div class=\"elementor-element elementor-element-e778941 elementor-widget elementor-widget-heading\" data-id=\"e778941\" data-element_type=\"widget\" data-e-type=\"widget\" data-widget_type=\"heading.default\">\n\t\t\t\t\t<h2 class=\"elementor-heading-title elementor-size-default\">Zubizarreta Abokatuak<\/h2>\t\t\t\t<\/div>\n\t\t\t\t<div class=\"elementor-element elementor-element-4621373 elementor-widget__width-initial elementor-widget-mobile__width-initial elementor-widget elementor-widget-text-editor\" data-id=\"4621373\" data-element_type=\"widget\" data-e-type=\"widget\" data-widget_type=\"text-editor.default\">\n\t\t\t\t\t\t\t\t\t<p>Zorroztasun juridikoa eta giza hurbiltasuna uztartzen ditugu. Izan ere, une erabakigarrietan, eguzkitan ibiltzea da behar duzun azken gauza.<\/p>\t\t\t\t\t\t\t\t<\/div>\n\t\t\t\t\t<\/div>\n\t\t\t\t<\/div>\n\t\t<div class=\"elementor-element elementor-element-3583f50 e-flex e-con-boxed e-con e-parent\" data-id=\"3583f50\" data-element_type=\"container\" data-e-type=\"container\" data-settings=\"{&quot;background_background&quot;:&quot;classic&quot;}\">\n\t\t\t\t\t<div class=\"e-con-inner\">\n\t\t<div class=\"elementor-element elementor-element-f0e562e e-con-full e-flex e-con e-child\" data-id=\"f0e562e\" data-element_type=\"container\" data-e-type=\"container\">\n\t\t\t\t<div class=\"elementor-element elementor-element-3451455 elementor-widget elementor-widget-image\" data-id=\"3451455\" data-element_type=\"widget\" data-e-type=\"widget\" data-widget_type=\"image.default\">\n\t\t\t\t\t\t\t\t\t\t\t\t\t\t\t<img fetchpriority=\"high\" decoding=\"async\" width=\"2000\" height=\"1335\" src=\"https:\/\/zubizarretaabogados.com\/wp-content\/uploads\/2026\/03\/2148142778.jpg\" class=\"attachment-2048x2048 size-2048x2048 wp-image-346\" alt=\"\" srcset=\"https:\/\/zubizarretaabogados.com\/wp-content\/uploads\/2026\/03\/2148142778.jpg 2000w, https:\/\/zubizarretaabogados.com\/wp-content\/uploads\/2026\/03\/2148142778-300x200.jpg 300w, https:\/\/zubizarretaabogados.com\/wp-content\/uploads\/2026\/03\/2148142778-1024x684.jpg 1024w, https:\/\/zubizarretaabogados.com\/wp-content\/uploads\/2026\/03\/2148142778-768x513.jpg 768w, https:\/\/zubizarretaabogados.com\/wp-content\/uploads\/2026\/03\/2148142778-1536x1025.jpg 1536w, https:\/\/zubizarretaabogados.com\/wp-content\/uploads\/2026\/03\/2148142778-18x12.jpg 18w\" sizes=\"(max-width: 2000px) 100vw, 2000px\" \/>\t\t\t\t\t\t\t\t\t\t\t\t\t\t\t<\/div>\n\t\t\t\t<\/div>\n\t\t<div class=\"elementor-element elementor-element-8231de7 e-con-full e-flex e-con e-child\" data-id=\"8231de7\" data-element_type=\"container\" data-e-type=\"container\">\n\t\t\t\t<div class=\"elementor-element elementor-element-64af1d5 elementor-widget elementor-widget-heading\" data-id=\"64af1d5\" data-element_type=\"widget\" data-e-type=\"widget\" data-widget_type=\"heading.default\">\n\t\t\t\t\t<h2 class=\"elementor-heading-title elementor-size-default\">Sustraiak, konpromisoa eta legea ulertzeko beste modu bat.<\/h2>\t\t\t\t<\/div>\n\t\t\t\t<div class=\"elementor-element elementor-element-b77299c elementor-widget elementor-widget-text-editor\" data-id=\"b77299c\" data-element_type=\"widget\" data-e-type=\"widget\" data-widget_type=\"text-editor.default\">\n\t\t\t\t\t\t\t\t\t<p>Zubizarreta Abogados liburuan, abokatutza tradizionalaren moldeak hausteko sortu ginen, formalismo zurrunen ordez Zuzenbidearen ikuspegi moderno, aurrerakoi eta gizatiarra erabiliz. Zaldibarko Okaniturri kaleko zapata kutxatxoan hasi ginenetik, filosofia argi bati esker hazi gara: arazo guztiek ez dute gerra eskatzen; bitartekaritza eta ituna dira gure tresnarik onenak.<\/p><p>\u2018Gatazken desaktibatzaile 'gisa definitzen gaituzte, kasu bakoitza familian lantzen dugulako, estrategia bakoitza taldean zintzotasunez eta konstantziaz eztabaidatuz. Guretzat, zu ez zara zenbaki bat, gure historiaren parte zara, eta gure pasioa zure lasaitasuna da. Izan ere, ulertzen dugu Zuzenbideak ez duela mugarik enpatiaz gauzatzen denean: hemen, inoiz ez zara eguzkitan ibiliko.<\/p>\t\t\t\t\t\t\t\t<\/div>\n\t\t\t\t<\/div>\n\t\t\t\t\t<\/div>\n\t\t\t\t<\/div>\n\t\t<div class=\"elementor-element elementor-element-ddae464 e-flex e-con-boxed e-con e-parent\" data-id=\"ddae464\" data-element_type=\"container\" data-e-type=\"container\" data-settings=\"{&quot;background_background&quot;:&quot;classic&quot;}\">\n\t\t\t\t\t<div class=\"e-con-inner\">\n\t\t<div class=\"elementor-element elementor-element-85bef04 e-con-full e-flex e-con e-child\" data-id=\"85bef04\" data-element_type=\"container\" data-e-type=\"container\">\n\t\t\t\t<div class=\"elementor-element elementor-element-ae1055f elementor-widget elementor-widget-heading\" data-id=\"ae1055f\" data-element_type=\"widget\" data-e-type=\"widget\" data-widget_type=\"heading.default\">\n\t\t\t\t\t<h2 class=\"elementor-heading-title elementor-size-default\">Guri buruz<\/h2>\t\t\t\t<\/div>\n\t\t\t\t<div class=\"elementor-element elementor-element-6e2ac4b elementor-widget elementor-widget-text-editor\" data-id=\"6e2ac4b\" data-element_type=\"widget\" data-e-type=\"widget\" data-widget_type=\"text-editor.default\">\n\t\t\t\t\t\t\t\t\t<p>Uste dugu abokatutzak pertsonen zerbitzura jartzen denean bakarrik duela zentzua. Arlo juridikoan, fiskalean eta lanekoan urteetako esperientzia dugunez, aholkularitza zintzo eta zuzena eskaini nahi dizugu. Espedienteak kudeatzeaz gain, konponbideak ere kudeatzen ditugu, benetan garrantzitsua den horretan zentratu zaitezen.<\/p>\t\t\t\t\t\t\t\t<\/div>\n\t\t\t\t<\/div>\n\t\t<div class=\"elementor-element elementor-element-82c2c45 e-con-full e-flex e-con e-child\" data-id=\"82c2c45\" data-element_type=\"container\" data-e-type=\"container\">\n\t\t\t\t<div class=\"elementor-element elementor-element-6b40a2f elementor-widget elementor-widget-image\" data-id=\"6b40a2f\" data-element_type=\"widget\" data-e-type=\"widget\" data-widget_type=\"image.default\">\n\t\t\t\t\t\t\t\t\t\t\t\t\t\t\t<img decoding=\"async\" width=\"2000\" height=\"1333\" src=\"https:\/\/zubizarretaabogados.com\/wp-content\/uploads\/2026\/03\/26368.jpg\" class=\"attachment-2048x2048 size-2048x2048 wp-image-347\" alt=\"\" srcset=\"https:\/\/zubizarretaabogados.com\/wp-content\/uploads\/2026\/03\/26368.jpg 2000w, https:\/\/zubizarretaabogados.com\/wp-content\/uploads\/2026\/03\/26368-300x200.jpg 300w, https:\/\/zubizarretaabogados.com\/wp-content\/uploads\/2026\/03\/26368-1024x682.jpg 1024w, https:\/\/zubizarretaabogados.com\/wp-content\/uploads\/2026\/03\/26368-768x512.jpg 768w, https:\/\/zubizarretaabogados.com\/wp-content\/uploads\/2026\/03\/26368-1536x1024.jpg 1536w, https:\/\/zubizarretaabogados.com\/wp-content\/uploads\/2026\/03\/26368-18x12.jpg 18w\" sizes=\"(max-width: 2000px) 100vw, 2000px\" \/>\t\t\t\t\t\t\t\t\t\t\t\t\t\t\t<\/div>\n\t\t\t\t<\/div>\n\t\t\t\t\t<\/div>\n\t\t\t\t<\/div>\n\t\t<div class=\"elementor-element elementor-element-40d0858 e-flex e-con-boxed e-con e-parent\" data-id=\"40d0858\" data-element_type=\"container\" data-e-type=\"container\" data-settings=\"{&quot;background_background&quot;:&quot;classic&quot;}\">\n\t\t\t\t\t<div class=\"e-con-inner\">\n\t\t\t\t<div class=\"elementor-element elementor-element-2cf0a27 elementor-widget elementor-widget-heading\" data-id=\"2cf0a27\" data-element_type=\"widget\" data-e-type=\"widget\" data-widget_type=\"heading.default\">\n\t\t\t\t\t<h2 class=\"elementor-heading-title elementor-size-default\">Nola lagunduko dizugu gaur?<\/h2>\t\t\t\t<\/div>\n\t\t\t\t<div class=\"elementor-element elementor-element-1fa2230 elementor-widget elementor-widget-button\" data-id=\"1fa2230\" data-element_type=\"widget\" data-e-type=\"widget\" data-widget_type=\"button.default\">\n\t\t\t\t\t\t\t\t\t\t<a class=\"elementor-button elementor-button-link elementor-size-sm\" href=\"https:\/\/zubizarretaabogados.com\/eu\/?page_id=14\">\n\t\t\t\t\t\t<span class=\"elementor-button-content-wrapper\">\n\t\t\t\t\t\t\t\t\t<span class=\"elementor-button-text\">GURE SOLUZIOAK AZTERTZEA<\/span>\n\t\t\t\t\t<\/span>\n\t\t\t\t\t<\/a>\n\t\t\t\t\t\t\t\t<\/div>\n\t\t\t\t\t<\/div>\n\t\t\t\t<\/div>\n\t\t\t\t<\/div>","protected":false},"excerpt":{"rendered":"<p>Zubizarreta Abogados Combinamos el rigor jur\u00eddico con la cercan\u00eda humana. Porque en los momentos decisivos, lo \u00faltimo que necesitas es caminar sol@. Ra\u00edces, compromiso y una forma diferente de entender la ley. En Zubizarreta Abogados nacimos para romper los moldes de la abogac\u00eda tradicional, sustituyendo los formalismos r\u00edgidos por una visi\u00f3n moderna, progresista y humana [&hellip;]<\/p>\n","protected":false},"author":1,"featured_media":0,"parent":0,"menu_order":0,"comment_status":"closed","ping_status":"closed","template":"elementor_canvas","meta":{"footnotes":""},"class_list":["post-11","page","type-page","status-publish","hentry"],"yoast_head":"<!-- This site is optimized with the Yoast SEO plugin v27.4 - https:\/\/yoast.com\/product\/yoast-seo-wordpress\/ -->\n<title>Inicio - Zubizarreta Abogados SL<\/title>\n<meta name=\"robots\" content=\"index, follow, max-snippet:-1, max-image-preview:large, max-video-preview:-1\" \/>\n<link rel=\"canonical\" href=\"https:\/\/zubizarretaabogados.com\/eu\/\" \/>\n<meta property=\"og:locale\" content=\"en_US\" \/>\n<meta property=\"og:type\" content=\"article\" \/>\n<meta property=\"og:title\" content=\"Inicio - Zubizarreta Abogados SL\" \/>\n<meta property=\"og:description\" content=\"Zubizarreta Abogados Combinamos el rigor jur\u00eddico con la cercan\u00eda humana. Porque en los momentos decisivos, lo \u00faltimo que necesitas es caminar sol@. Ra\u00edces, compromiso y una forma diferente de entender la ley. En Zubizarreta Abogados nacimos para romper los moldes de la abogac\u00eda tradicional, sustituyendo los formalismos r\u00edgidos por una visi\u00f3n moderna, progresista y humana [&hellip;]\" \/>\n<meta property=\"og:url\" content=\"https:\/\/zubizarretaabogados.com\/eu\/\" \/>\n<meta property=\"og:site_name\" content=\"Zubizarreta Abogados SL\" \/>\n<meta property=\"article:modified_time\" content=\"2026-03-12T10:38:19+00:00\" \/>\n<meta property=\"og:image\" content=\"https:\/\/zubizarretaabogados.com\/wp-content\/uploads\/2026\/03\/2148142778.jpg\" \/>\n<meta name=\"twitter:card\" content=\"summary_large_image\" \/>\n<script type=\"application\/ld+json\" class=\"yoast-schema-graph\">{\"@context\":\"https:\\\/\\\/schema.org\",\"@graph\":[{\"@type\":\"WebPage\",\"@id\":\"https:\\\/\\\/zubizarretaabogados.com\\\/\",\"url\":\"https:\\\/\\\/zubizarretaabogados.com\\\/\",\"name\":\"Inicio - Zubizarreta Abogados SL\",\"isPartOf\":{\"@id\":\"https:\\\/\\\/zubizarretaabogados.com\\\/#website\"},\"primaryImageOfPage\":{\"@id\":\"https:\\\/\\\/zubizarretaabogados.com\\\/#primaryimage\"},\"image\":{\"@id\":\"https:\\\/\\\/zubizarretaabogados.com\\\/#primaryimage\"},\"thumbnailUrl\":\"https:\\\/\\\/zubizarretaabogados.com\\\/wp-content\\\/uploads\\\/2026\\\/03\\\/2148142778.jpg\",\"datePublished\":\"2026-03-10T16:22:48+00:00\",\"dateModified\":\"2026-03-12T10:38:19+00:00\",\"breadcrumb\":{\"@id\":\"https:\\\/\\\/zubizarretaabogados.com\\\/#breadcrumb\"},\"inLanguage\":\"eu\",\"potentialAction\":[{\"@type\":\"ReadAction\",\"target\":[\"https:\\\/\\\/zubizarretaabogados.com\\\/\"]}]},{\"@type\":\"ImageObject\",\"inLanguage\":\"eu\",\"@id\":\"https:\\\/\\\/zubizarretaabogados.com\\\/#primaryimage\",\"url\":\"https:\\\/\\\/zubizarretaabogados.com\\\/wp-content\\\/uploads\\\/2026\\\/03\\\/2148142778.jpg\",\"contentUrl\":\"https:\\\/\\\/zubizarretaabogados.com\\\/wp-content\\\/uploads\\\/2026\\\/03\\\/2148142778.jpg\"},{\"@type\":\"BreadcrumbList\",\"@id\":\"https:\\\/\\\/zubizarretaabogados.com\\\/#breadcrumb\",\"itemListElement\":[{\"@type\":\"ListItem\",\"position\":1,\"name\":\"Portada\",\"item\":\"https:\\\/\\\/zubizarretaabogados.com\\\/\"},{\"@type\":\"ListItem\",\"position\":2,\"name\":\"Inicio\"}]},{\"@type\":\"WebSite\",\"@id\":\"https:\\\/\\\/zubizarretaabogados.com\\\/#website\",\"url\":\"https:\\\/\\\/zubizarretaabogados.com\\\/\",\"name\":\"Zubizarreta Abogados SL\",\"description\":\"\",\"publisher\":{\"@id\":\"https:\\\/\\\/zubizarretaabogados.com\\\/#organization\"},\"potentialAction\":[{\"@type\":\"SearchAction\",\"target\":{\"@type\":\"EntryPoint\",\"urlTemplate\":\"https:\\\/\\\/zubizarretaabogados.com\\\/?s={search_term_string}\"},\"query-input\":{\"@type\":\"PropertyValueSpecification\",\"valueRequired\":true,\"valueName\":\"search_term_string\"}}],\"inLanguage\":\"eu\"},{\"@type\":\"Organization\",\"@id\":\"https:\\\/\\\/zubizarretaabogados.com\\\/#organization\",\"name\":\"Zubizarreta Abogados SL\",\"url\":\"https:\\\/\\\/zubizarretaabogados.com\\\/\",\"logo\":{\"@type\":\"ImageObject\",\"inLanguage\":\"eu\",\"@id\":\"https:\\\/\\\/zubizarretaabogados.com\\\/#\\\/schema\\\/logo\\\/image\\\/\",\"url\":\"https:\\\/\\\/zubizarretaabogados.com\\\/wp-content\\\/uploads\\\/2026\\\/03\\\/cropped-footerlogo03.png\",\"contentUrl\":\"https:\\\/\\\/zubizarretaabogados.com\\\/wp-content\\\/uploads\\\/2026\\\/03\\\/cropped-footerlogo03.png\",\"width\":873,\"height\":230,\"caption\":\"Zubizarreta Abogados SL\"},\"image\":{\"@id\":\"https:\\\/\\\/zubizarretaabogados.com\\\/#\\\/schema\\\/logo\\\/image\\\/\"}}]}<\/script>\n<!-- \/ Yoast SEO plugin. -->","yoast_head_json":{"title":"Inicio - Zubizarreta Abogados SL","robots":{"index":"index","follow":"follow","max-snippet":"max-snippet:-1","max-image-preview":"max-image-preview:large","max-video-preview":"max-video-preview:-1"},"canonical":"https:\/\/zubizarretaabogados.com\/eu\/","og_locale":"en_US","og_type":"article","og_title":"Inicio - Zubizarreta Abogados SL","og_description":"Zubizarreta Abogados Combinamos el rigor jur\u00eddico con la cercan\u00eda humana. Porque en los momentos decisivos, lo \u00faltimo que necesitas es caminar sol@. Ra\u00edces, compromiso y una forma diferente de entender la ley. En Zubizarreta Abogados nacimos para romper los moldes de la abogac\u00eda tradicional, sustituyendo los formalismos r\u00edgidos por una visi\u00f3n moderna, progresista y humana [&hellip;]","og_url":"https:\/\/zubizarretaabogados.com\/eu\/","og_site_name":"Zubizarreta Abogados SL","article_modified_time":"2026-03-12T10:38:19+00:00","og_image":[{"url":"https:\/\/zubizarretaabogados.com\/wp-content\/uploads\/2026\/03\/2148142778.jpg","type":"","width":"","height":""}],"twitter_card":"summary_large_image","schema":{"@context":"https:\/\/schema.org","@graph":[{"@type":"WebPage","@id":"https:\/\/zubizarretaabogados.com\/","url":"https:\/\/zubizarretaabogados.com\/","name":"Inicio - Zubizarreta Abogados SL","isPartOf":{"@id":"https:\/\/zubizarretaabogados.com\/#website"},"primaryImageOfPage":{"@id":"https:\/\/zubizarretaabogados.com\/#primaryimage"},"image":{"@id":"https:\/\/zubizarretaabogados.com\/#primaryimage"},"thumbnailUrl":"https:\/\/zubizarretaabogados.com\/wp-content\/uploads\/2026\/03\/2148142778.jpg","datePublished":"2026-03-10T16:22:48+00:00","dateModified":"2026-03-12T10:38:19+00:00","breadcrumb":{"@id":"https:\/\/zubizarretaabogados.com\/#breadcrumb"},"inLanguage":"eu","potentialAction":[{"@type":"ReadAction","target":["https:\/\/zubizarretaabogados.com\/"]}]},{"@type":"ImageObject","inLanguage":"eu","@id":"https:\/\/zubizarretaabogados.com\/#primaryimage","url":"https:\/\/zubizarretaabogados.com\/wp-content\/uploads\/2026\/03\/2148142778.jpg","contentUrl":"https:\/\/zubizarretaabogados.com\/wp-content\/uploads\/2026\/03\/2148142778.jpg"},{"@type":"BreadcrumbList","@id":"https:\/\/zubizarretaabogados.com\/#breadcrumb","itemListElement":[{"@type":"ListItem","position":1,"name":"Portada","item":"https:\/\/zubizarretaabogados.com\/"},{"@type":"ListItem","position":2,"name":"Inicio"}]},{"@type":"WebSite","@id":"https:\/\/zubizarretaabogados.com\/#website","url":"https:\/\/zubizarretaabogados.com\/","name":"Zubizarreta Abogados SL","description":"","publisher":{"@id":"https:\/\/zubizarretaabogados.com\/#organization"},"potentialAction":[{"@type":"SearchAction","target":{"@type":"EntryPoint","urlTemplate":"https:\/\/zubizarretaabogados.com\/?s={search_term_string}"},"query-input":{"@type":"PropertyValueSpecification","valueRequired":true,"valueName":"search_term_string"}}],"inLanguage":"eu"},{"@type":"Organization","@id":"https:\/\/zubizarretaabogados.com\/#organization","name":"Zubizarreta Abogados SL","url":"https:\/\/zubizarretaabogados.com\/","logo":{"@type":"ImageObject","inLanguage":"eu","@id":"https:\/\/zubizarretaabogados.com\/#\/schema\/logo\/image\/","url":"https:\/\/zubizarretaabogados.com\/wp-content\/uploads\/2026\/03\/cropped-footerlogo03.png","contentUrl":"https:\/\/zubizarretaabogados.com\/wp-content\/uploads\/2026\/03\/cropped-footerlogo03.png","width":873,"height":230,"caption":"Zubizarreta Abogados SL"},"image":{"@id":"https:\/\/zubizarretaabogados.com\/#\/schema\/logo\/image\/"}}]}},"_links":{"self":[{"href":"https:\/\/zubizarretaabogados.com\/eu\/wp-json\/wp\/v2\/pages\/11","targetHints":{"allow":["GET"]}}],"collection":[{"href":"https:\/\/zubizarretaabogados.com\/eu\/wp-json\/wp\/v2\/pages"}],"about":[{"href":"https:\/\/zubizarretaabogados.com\/eu\/wp-json\/wp\/v2\/types\/page"}],"author":[{"embeddable":true,"href":"https:\/\/zubizarretaabogados.com\/eu\/wp-json\/wp\/v2\/users\/1"}],"replies":[{"embeddable":true,"href":"https:\/\/zubizarretaabogados.com\/eu\/wp-json\/wp\/v2\/comments?post=11"}],"version-history":[{"count":67,"href":"https:\/\/zubizarretaabogados.com\/eu\/wp-json\/wp\/v2\/pages\/11\/revisions"}],"predecessor-version":[{"id":380,"href":"https:\/\/zubizarretaabogados.com\/eu\/wp-json\/wp\/v2\/pages\/11\/revisions\/380"}],"wp:attachment":[{"href":"https:\/\/zubizarretaabogados.com\/eu\/wp-json\/wp\/v2\/media?parent=11"}],"curies":[{"name":"wp","href":"https:\/\/api.w.org\/{rel}","templated":true}]}}